{"id":74,"date":"2024-10-19T15:36:26","date_gmt":"2024-10-19T15:36:26","guid":{"rendered":"https:\/\/www.allcc.es\/?page_id=74"},"modified":"2024-10-19T16:05:23","modified_gmt":"2024-10-19T16:05:23","slug":"auto-matriculacion-importacion","status":"publish","type":"page","link":"https:\/\/www.allcc.es\/index.php\/auto-matriculacion-importacion\/","title":{"rendered":"Auto Matriculaci\u00f3n Importaci\u00f3n"},"content":{"rendered":"\n<p>Agilice el proceso de matriculaci\u00f3n e importaci\u00f3n de su veh\u00edculo en Espa\u00f1a.<\/p>\n\n\n\n<p>Planifique la operaci\u00f3n antes de llegar a la isla.<\/p>\n\n\n\n<p>Aseg\u00farese de toda la documentaci\u00f3n necesaria, de los plazos y de los requisitos para un posible ahorro de impuestos.<\/p>\n\n\n\n<p>Los veh\u00edculos de segunda manos suelen ser caros en las islas, y traerse uno de fuera vale la pena, sobre todo si se considera como objeto de mudanza.<\/p>\n\n\n\n<p>Navegar por los entresijos de la matriculaci\u00f3n e importaci\u00f3n de veh\u00edculos en Espa\u00f1a puede resultar desalentador. Con ALL CONSULTING CONCEPT, usted gana un socio de confianza que simplifica este proceso para usted. Gestionamos toda la documentaci\u00f3n, garantizando el cumplimiento de la normativa local y ahorr\u00e1ndole tiempo y esfuerzo. Nuestro equipo entiende los matices de la legislaci\u00f3n espa\u00f1ola y se dedica a proporcionarle un servicio sin fisuras. Tanto si trae su veh\u00edculo del extranjero como si matricula uno nuevo, le guiamos en cada paso. Disfrute de la tranquilidad de saber que la matriculaci\u00f3n de su veh\u00edculo est\u00e1 en manos expertas, lo que le permitir\u00e1 centrarse en su nueva vida.<\/p>\n\n\n\n<figure class=\"wp-block-gallery has-nested-images columns-default is-cropped wp-block-gallery-1 is-layout-flex wp-block-gallery-is-layout-flex\"><\/figure>\n\n\n\n<figure class=\"wp-block-gallery has-nested-images columns-default is-cropped wp-block-gallery-2 is-layout-flex wp-block-gallery-is-layout-flex\">\n<figure class=\"wp-block-image size-large\"><img loading=\"lazy\" decoding=\"async\" width=\"1268\" height=\"664\" data-id=\"53\" src=\"https:\/\/www.allcc.es\/wp-content\/uploads\/2024\/10\/matriculas-colores-espana.webp\" alt=\"\" class=\"wp-image-53\"\/><\/figure>\n<\/figure>\n\n\n\n\n\n<figure class=\"wp-block-image size-full\"><img loading=\"lazy\" decoding=\"async\" width=\"1268\" height=\"664\" src=\"http:\/\/www.allcc.es\/wp-content\/uploads\/2024\/10\/matriculas-colores-espana.webp\" alt=\"\" class=\"wp-image-53\"\/><\/figure>\n","protected":false},"excerpt":{"rendered":"<p>Agilice el proceso de matriculaci\u00f3n e importaci\u00f3n de su veh\u00edculo en Espa\u00f1a. Planifique la operaci\u00f3n antes de llegar a la isla. Aseg\u00farese de toda la documentaci\u00f3n necesaria, de los plazos y de los requisitos para un posible ahorro de impuestos. Los veh\u00edculos de segunda manos suelen ser caros en las islas, y traerse uno de [&hellip;]<\/p>\n","protected":false},"author":2,"featured_media":0,"parent":0,"menu_order":0,"comment_status":"closed","ping_status":"closed","template":"","meta":{"footnotes":""},"class_list":["post-74","page","type-page","status-publish","hentry"],"_links":{"self":[{"href":"https:\/\/www.allcc.es\/index.php\/wp-json\/wp\/v2\/pages\/74"}],"collection":[{"href":"https:\/\/www.allcc.es\/index.php\/wp-json\/wp\/v2\/pages"}],"about":[{"href":"https:\/\/www.allcc.es\/index.php\/wp-json\/wp\/v2\/types\/page"}],"author":[{"embeddable":true,"href":"https:\/\/www.allcc.es\/index.php\/wp-json\/wp\/v2\/users\/2"}],"replies":[{"embeddable":true,"href":"https:\/\/www.allcc.es\/index.php\/wp-json\/wp\/v2\/comments?post=74"}],"version-history":[{"count":2,"href":"https:\/\/www.allcc.es\/index.php\/wp-json\/wp\/v2\/pages\/74\/revisions"}],"predecessor-version":[{"id":86,"href":"https:\/\/www.allcc.es\/index.php\/wp-json\/wp\/v2\/pages\/74\/revisions\/86"}],"wp:attachment":[{"href":"https:\/\/www.allcc.es\/index.php\/wp-json\/wp\/v2\/media?parent=74"}],"curies":[{"name":"wp","href":"https:\/\/api.w.org\/{rel}","templated":true}]}}