{"id":27,"date":"2018-10-29T14:33:32","date_gmt":"2018-10-29T14:33:32","guid":{"rendered":"http:\/\/www.allcc.es\/?page_id=27"},"modified":"2024-10-19T16:02:28","modified_gmt":"2024-10-19T16:02:28","slug":"gestiones-bancarias","status":"publish","type":"page","link":"https:\/\/www.allcc.es\/index.php\/gestiones-bancarias\/","title":{"rendered":"Viviendas Vacacionales"},"content":{"rendered":"\n<p>Aseg\u00farese de cumplir la normativa legal y fiscal vigente para practicar legalmente el alquiler vacacional \u00abVV\u00bb.<\/p>\n\n\n\n<p>Si es propietario de una vivienda y desea alquilarla semanalmente para generar ingresos, debe registrarse en el Gobierno de Canarias con un n\u00famero de registro, darse de alta en la Agencia Tributaria Canaria, informar de todos los hu\u00e9spedes que se alojen en un plazo de 24 horas, tener hojas de reclamaciones a disposici\u00f3n de los clientes y un cartel de \u00abVV\u00bb visible desde la calle.<\/p>\n\n\n\n<figure class=\"wp-block-gallery has-nested-images columns-default is-cropped wp-block-gallery-1 is-layout-flex wp-block-gallery-is-layout-flex\">\n<figure class=\"wp-block-image size-large\"><img loading=\"lazy\" decoding=\"async\" width=\"225\" height=\"225\" data-id=\"60\" src=\"https:\/\/www.allcc.es\/wp-content\/uploads\/2024\/10\/vivienda_vacacional.jpg\" alt=\"\" class=\"wp-image-60\" srcset=\"https:\/\/www.allcc.es\/wp-content\/uploads\/2024\/10\/vivienda_vacacional.jpg 225w, https:\/\/www.allcc.es\/wp-content\/uploads\/2024\/10\/vivienda_vacacional-150x150.jpg 150w, https:\/\/www.allcc.es\/wp-content\/uploads\/2024\/10\/vivienda_vacacional-75x75.jpg 75w\" sizes=\"(max-width: 225px) 100vw, 225px\" \/><\/figure>\n<\/figure>\n\n\n\n<p><\/p>\n","protected":false},"excerpt":{"rendered":"<p>Aseg\u00farese de cumplir la normativa legal y fiscal vigente para practicar legalmente el alquiler vacacional \u00abVV\u00bb. Si es propietario de una vivienda y desea alquilarla semanalmente para generar ingresos, debe registrarse en el Gobierno de Canarias con un n\u00famero de registro, darse de alta en la Agencia Tributaria Canaria, informar de todos los hu\u00e9spedes que [&hellip;]<\/p>\n","protected":false},"author":1,"featured_media":0,"parent":0,"menu_order":0,"comment_status":"closed","ping_status":"closed","template":"","meta":{"footnotes":""},"class_list":["post-27","page","type-page","status-publish","hentry"],"_links":{"self":[{"href":"https:\/\/www.allcc.es\/index.php\/wp-json\/wp\/v2\/pages\/27"}],"collection":[{"href":"https:\/\/www.allcc.es\/index.php\/wp-json\/wp\/v2\/pages"}],"about":[{"href":"https:\/\/www.allcc.es\/index.php\/wp-json\/wp\/v2\/types\/page"}],"author":[{"embeddable":true,"href":"https:\/\/www.allcc.es\/index.php\/wp-json\/wp\/v2\/users\/1"}],"replies":[{"embeddable":true,"href":"https:\/\/www.allcc.es\/index.php\/wp-json\/wp\/v2\/comments?post=27"}],"version-history":[{"count":2,"href":"https:\/\/www.allcc.es\/index.php\/wp-json\/wp\/v2\/pages\/27\/revisions"}],"predecessor-version":[{"id":85,"href":"https:\/\/www.allcc.es\/index.php\/wp-json\/wp\/v2\/pages\/27\/revisions\/85"}],"wp:attachment":[{"href":"https:\/\/www.allcc.es\/index.php\/wp-json\/wp\/v2\/media?parent=27"}],"curies":[{"name":"wp","href":"https:\/\/api.w.org\/{rel}","templated":true}]}}