{"id":20,"date":"2018-10-29T14:33:32","date_gmt":"2018-10-29T14:33:32","guid":{"rendered":"http:\/\/www.allcc.es\/?page_id=20"},"modified":"2024-10-19T15:10:39","modified_gmt":"2024-10-19T15:10:39","slug":"consulting-inmobiliario","status":"publish","type":"page","link":"https:\/\/www.allcc.es\/index.php\/consulting-inmobiliario\/","title":{"rendered":"Asesoramiento inmobiliario"},"content":{"rendered":"\n<p>Aseg\u00farese una gu\u00eda experta en sus operaciones inmobiliarias en Canarias con acompa\u00f1amiento<\/p>\n\n\n\n<figure class=\"wp-block-gallery has-nested-images columns-default is-cropped wp-block-gallery-1 is-layout-flex wp-block-gallery-is-layout-flex\">\n<figure class=\"wp-block-image size-large\"><img loading=\"lazy\" decoding=\"async\" width=\"1024\" height=\"683\" data-id=\"64\" src=\"https:\/\/www.allcc.es\/wp-content\/uploads\/2024\/10\/Diseno-sin-titulo-5-2-1024x683.jpg\" alt=\"\" class=\"wp-image-64\" srcset=\"https:\/\/www.allcc.es\/wp-content\/uploads\/2024\/10\/Diseno-sin-titulo-5-2-1024x683.jpg 1024w, https:\/\/www.allcc.es\/wp-content\/uploads\/2024\/10\/Diseno-sin-titulo-5-2-300x200.jpg 300w, https:\/\/www.allcc.es\/wp-content\/uploads\/2024\/10\/Diseno-sin-titulo-5-2-768x512.jpg 768w, https:\/\/www.allcc.es\/wp-content\/uploads\/2024\/10\/Diseno-sin-titulo-5-2.jpg 1200w\" sizes=\"(max-width: 1024px) 100vw, 1024px\" \/><\/figure>\n<\/figure>\n","protected":false},"excerpt":{"rendered":"<p>Aseg\u00farese una gu\u00eda experta en sus operaciones inmobiliarias en Canarias con acompa\u00f1amiento<\/p>\n","protected":false},"author":1,"featured_media":61,"parent":0,"menu_order":0,"comment_status":"closed","ping_status":"closed","template":"","meta":{"footnotes":""},"class_list":["post-20","page","type-page","status-publish","has-post-thumbnail","hentry"],"_links":{"self":[{"href":"https:\/\/www.allcc.es\/index.php\/wp-json\/wp\/v2\/pages\/20"}],"collection":[{"href":"https:\/\/www.allcc.es\/index.php\/wp-json\/wp\/v2\/pages"}],"about":[{"href":"https:\/\/www.allcc.es\/index.php\/wp-json\/wp\/v2\/types\/page"}],"author":[{"embeddable":true,"href":"https:\/\/www.allcc.es\/index.php\/wp-json\/wp\/v2\/users\/1"}],"replies":[{"embeddable":true,"href":"https:\/\/www.allcc.es\/index.php\/wp-json\/wp\/v2\/comments?post=20"}],"version-history":[{"count":5,"href":"https:\/\/www.allcc.es\/index.php\/wp-json\/wp\/v2\/pages\/20\/revisions"}],"predecessor-version":[{"id":65,"href":"https:\/\/www.allcc.es\/index.php\/wp-json\/wp\/v2\/pages\/20\/revisions\/65"}],"wp:featuredmedia":[{"embeddable":true,"href":"https:\/\/www.allcc.es\/index.php\/wp-json\/wp\/v2\/media\/61"}],"wp:attachment":[{"href":"https:\/\/www.allcc.es\/index.php\/wp-json\/wp\/v2\/media?parent=20"}],"curies":[{"name":"wp","href":"https:\/\/api.w.org\/{rel}","templated":true}]}}